{"id":153,"date":"2021-12-09T20:32:11","date_gmt":"2021-12-09T19:32:11","guid":{"rendered":"http:\/\/martineztapas.pl\/?page_id=153"},"modified":"2023-02-11T14:52:39","modified_gmt":"2023-02-11T13:52:39","slug":"konfitury","status":"publish","type":"page","link":"https:\/\/martineztapas.pl\/?page_id=153","title":{"rendered":"Konfitury\/Mermeladas"},"content":{"rendered":"\n<figure class=\"wp-block-image size-large is-resized is-style-default\"><img loading=\"lazy\" decoding=\"async\" src=\"http:\/\/martineztapas.pl\/wp-content\/uploads\/2022\/01\/1.-jam_top_black-1024x730.jpg\" alt=\"\" class=\"wp-image-731\" width=\"884\" height=\"630\" srcset=\"https:\/\/martineztapas.pl\/wp-content\/uploads\/2022\/01\/1.-jam_top_black-1024x730.jpg 1024w, https:\/\/martineztapas.pl\/wp-content\/uploads\/2022\/01\/1.-jam_top_black-300x214.jpg 300w, https:\/\/martineztapas.pl\/wp-content\/uploads\/2022\/01\/1.-jam_top_black-768x547.jpg 768w, https:\/\/martineztapas.pl\/wp-content\/uploads\/2022\/01\/1.-jam_top_black-1536x1095.jpg 1536w, https:\/\/martineztapas.pl\/wp-content\/uploads\/2022\/01\/1.-jam_top_black-600x428.jpg 600w, https:\/\/martineztapas.pl\/wp-content\/uploads\/2022\/01\/1.-jam_top_black.jpg 1900w\" sizes=\"auto, (max-width: 884px) 100vw, 884px\" \/><\/figure>\n\n\n\n<p><\/p>\n\n\n\n<div class=\"wp-block-columns is-layout-flex wp-container-core-columns-is-layout-9d6595d7 wp-block-columns-is-layout-flex\">\n<div class=\"wp-block-column is-layout-flow wp-block-column-is-layout-flow\" style=\"flex-basis:50%\">\n<figure class=\"wp-block-image size-large is-resized is-style-default\"><img loading=\"lazy\" decoding=\"async\" src=\"http:\/\/martineztapas.pl\/wp-content\/uploads\/2022\/03\/8301-Cactus-1-1024x581.jpg\" alt=\"\" class=\"wp-image-738\" width=\"474\" height=\"268\" srcset=\"https:\/\/martineztapas.pl\/wp-content\/uploads\/2022\/03\/8301-Cactus-1-1024x581.jpg 1024w, https:\/\/martineztapas.pl\/wp-content\/uploads\/2022\/03\/8301-Cactus-1-300x170.jpg 300w, https:\/\/martineztapas.pl\/wp-content\/uploads\/2022\/03\/8301-Cactus-1-768x436.jpg 768w, https:\/\/martineztapas.pl\/wp-content\/uploads\/2022\/03\/8301-Cactus-1-1536x872.jpg 1536w, https:\/\/martineztapas.pl\/wp-content\/uploads\/2022\/03\/8301-Cactus-1-600x341.jpg 600w, https:\/\/martineztapas.pl\/wp-content\/uploads\/2022\/03\/8301-Cactus-1.jpg 1947w\" sizes=\"auto, (max-width: 474px) 100vw, 474px\" \/><figcaption class=\"wp-element-caption\"><strong>Kaktus<\/strong><\/figcaption><\/figure>\n<\/div>\n\n\n\n<div class=\"wp-block-column is-layout-flow wp-block-column-is-layout-flow\" style=\"flex-basis:50%\">\n<figure class=\"wp-block-image size-large is-resized is-style-default\"><img loading=\"lazy\" decoding=\"async\" src=\"http:\/\/martineztapas.pl\/wp-content\/uploads\/2022\/03\/8302-Cactus-Platano-1024x588.jpg\" alt=\"\" class=\"wp-image-739\" width=\"474\" height=\"272\" srcset=\"https:\/\/martineztapas.pl\/wp-content\/uploads\/2022\/03\/8302-Cactus-Platano-1024x588.jpg 1024w, https:\/\/martineztapas.pl\/wp-content\/uploads\/2022\/03\/8302-Cactus-Platano-300x172.jpg 300w, https:\/\/martineztapas.pl\/wp-content\/uploads\/2022\/03\/8302-Cactus-Platano-768x441.jpg 768w, https:\/\/martineztapas.pl\/wp-content\/uploads\/2022\/03\/8302-Cactus-Platano-1536x881.jpg 1536w, https:\/\/martineztapas.pl\/wp-content\/uploads\/2022\/03\/8302-Cactus-Platano-600x344.jpg 600w, https:\/\/martineztapas.pl\/wp-content\/uploads\/2022\/03\/8302-Cactus-Platano.jpg 1936w\" sizes=\"auto, (max-width: 474px) 100vw, 474px\" \/><figcaption class=\"wp-element-caption\"><strong>Kaktus\/Banan<\/strong><\/figcaption><\/figure>\n<\/div>\n<\/div>\n\n\n\n<div class=\"wp-block-columns is-layout-flex wp-container-core-columns-is-layout-9d6595d7 wp-block-columns-is-layout-flex\">\n<div class=\"wp-block-column is-layout-flow wp-block-column-is-layout-flow\" style=\"flex-basis:50%\">\n<figure class=\"wp-block-image size-large is-resized is-style-default\"><img loading=\"lazy\" decoding=\"async\" src=\"http:\/\/martineztapas.pl\/wp-content\/uploads\/2022\/03\/8303-Cactus-Naranja-1024x582.jpg\" alt=\"\" class=\"wp-image-740\" width=\"476\" height=\"271\" srcset=\"https:\/\/martineztapas.pl\/wp-content\/uploads\/2022\/03\/8303-Cactus-Naranja-1024x582.jpg 1024w, https:\/\/martineztapas.pl\/wp-content\/uploads\/2022\/03\/8303-Cactus-Naranja-300x171.jpg 300w, https:\/\/martineztapas.pl\/wp-content\/uploads\/2022\/03\/8303-Cactus-Naranja-768x436.jpg 768w, https:\/\/martineztapas.pl\/wp-content\/uploads\/2022\/03\/8303-Cactus-Naranja-1536x873.jpg 1536w, https:\/\/martineztapas.pl\/wp-content\/uploads\/2022\/03\/8303-Cactus-Naranja-600x341.jpg 600w, https:\/\/martineztapas.pl\/wp-content\/uploads\/2022\/03\/8303-Cactus-Naranja.jpg 1939w\" sizes=\"auto, (max-width: 476px) 100vw, 476px\" \/><figcaption class=\"wp-element-caption\"><strong>Kaktus\/Pomara\u0144cza<\/strong><\/figcaption><\/figure>\n<\/div>\n\n\n\n<div class=\"wp-block-column is-layout-flow wp-block-column-is-layout-flow\" style=\"flex-basis:50%\">\n<figure class=\"wp-block-image size-large is-resized is-style-default\"><img loading=\"lazy\" decoding=\"async\" src=\"http:\/\/martineztapas.pl\/wp-content\/uploads\/2022\/03\/8304-Platano-1024x596.jpg\" alt=\"\" class=\"wp-image-741\" width=\"476\" height=\"278\" srcset=\"https:\/\/martineztapas.pl\/wp-content\/uploads\/2022\/03\/8304-Platano-1024x596.jpg 1024w, https:\/\/martineztapas.pl\/wp-content\/uploads\/2022\/03\/8304-Platano-300x175.jpg 300w, https:\/\/martineztapas.pl\/wp-content\/uploads\/2022\/03\/8304-Platano-768x447.jpg 768w, https:\/\/martineztapas.pl\/wp-content\/uploads\/2022\/03\/8304-Platano-1536x895.jpg 1536w, https:\/\/martineztapas.pl\/wp-content\/uploads\/2022\/03\/8304-Platano-600x349.jpg 600w, https:\/\/martineztapas.pl\/wp-content\/uploads\/2022\/03\/8304-Platano.jpg 1906w\" sizes=\"auto, (max-width: 476px) 100vw, 476px\" \/><figcaption class=\"wp-element-caption\"><strong>Banan<\/strong><\/figcaption><\/figure>\n<\/div>\n<\/div>\n\n\n\n<div class=\"wp-block-columns is-layout-flex wp-container-core-columns-is-layout-9d6595d7 wp-block-columns-is-layout-flex\">\n<div class=\"wp-block-column is-layout-flow wp-block-column-is-layout-flow\" style=\"flex-basis:50%\">\n<figure class=\"wp-block-image size-large is-resized is-style-default\"><img loading=\"lazy\" decoding=\"async\" src=\"http:\/\/martineztapas.pl\/wp-content\/uploads\/2022\/03\/8307-Cactus-Miel-1024x576.jpg\" alt=\"\" class=\"wp-image-742\" width=\"476\" height=\"268\" srcset=\"https:\/\/martineztapas.pl\/wp-content\/uploads\/2022\/03\/8307-Cactus-Miel-1024x576.jpg 1024w, https:\/\/martineztapas.pl\/wp-content\/uploads\/2022\/03\/8307-Cactus-Miel-300x169.jpg 300w, https:\/\/martineztapas.pl\/wp-content\/uploads\/2022\/03\/8307-Cactus-Miel-768x432.jpg 768w, https:\/\/martineztapas.pl\/wp-content\/uploads\/2022\/03\/8307-Cactus-Miel-1536x864.jpg 1536w, https:\/\/martineztapas.pl\/wp-content\/uploads\/2022\/03\/8307-Cactus-Miel-600x337.jpg 600w, https:\/\/martineztapas.pl\/wp-content\/uploads\/2022\/03\/8307-Cactus-Miel.jpg 1978w\" sizes=\"auto, (max-width: 476px) 100vw, 476px\" \/><figcaption class=\"wp-element-caption\"><strong>Kaktus\/Mi\u00f3d<\/strong><\/figcaption><\/figure>\n<\/div>\n\n\n\n<div class=\"wp-block-column is-layout-flow wp-block-column-is-layout-flow\" style=\"flex-basis:50%\">\n<figure class=\"wp-block-image size-large is-resized is-style-default\"><img loading=\"lazy\" decoding=\"async\" src=\"http:\/\/martineztapas.pl\/wp-content\/uploads\/2022\/03\/8308-Mango-Limon-1024x590.jpg\" alt=\"\" class=\"wp-image-743\" width=\"476\" height=\"274\" srcset=\"https:\/\/martineztapas.pl\/wp-content\/uploads\/2022\/03\/8308-Mango-Limon-1024x590.jpg 1024w, https:\/\/martineztapas.pl\/wp-content\/uploads\/2022\/03\/8308-Mango-Limon-300x173.jpg 300w, https:\/\/martineztapas.pl\/wp-content\/uploads\/2022\/03\/8308-Mango-Limon-768x442.jpg 768w, https:\/\/martineztapas.pl\/wp-content\/uploads\/2022\/03\/8308-Mango-Limon-1536x884.jpg 1536w, https:\/\/martineztapas.pl\/wp-content\/uploads\/2022\/03\/8308-Mango-Limon-600x345.jpg 600w, https:\/\/martineztapas.pl\/wp-content\/uploads\/2022\/03\/8308-Mango-Limon.jpg 1919w\" sizes=\"auto, (max-width: 476px) 100vw, 476px\" \/><figcaption class=\"wp-element-caption\"><strong>Mango\/Cytryna<\/strong><\/figcaption><\/figure>\n<\/div>\n<\/div>\n\n\n\n<div class=\"wp-block-columns is-layout-flex wp-container-core-columns-is-layout-9d6595d7 wp-block-columns-is-layout-flex\">\n<div class=\"wp-block-column is-layout-flow wp-block-column-is-layout-flow\" style=\"flex-basis:50%\">\n<figure class=\"wp-block-image size-large is-resized is-style-default\"><img loading=\"lazy\" decoding=\"async\" src=\"http:\/\/martineztapas.pl\/wp-content\/uploads\/2022\/03\/8309-Papaya-Naranja-1024x580.jpg\" alt=\"\" class=\"wp-image-744\" width=\"475\" height=\"269\" srcset=\"https:\/\/martineztapas.pl\/wp-content\/uploads\/2022\/03\/8309-Papaya-Naranja-1024x580.jpg 1024w, https:\/\/martineztapas.pl\/wp-content\/uploads\/2022\/03\/8309-Papaya-Naranja-300x170.jpg 300w, https:\/\/martineztapas.pl\/wp-content\/uploads\/2022\/03\/8309-Papaya-Naranja-768x435.jpg 768w, https:\/\/martineztapas.pl\/wp-content\/uploads\/2022\/03\/8309-Papaya-Naranja-1536x870.jpg 1536w, https:\/\/martineztapas.pl\/wp-content\/uploads\/2022\/03\/8309-Papaya-Naranja-600x340.jpg 600w, https:\/\/martineztapas.pl\/wp-content\/uploads\/2022\/03\/8309-Papaya-Naranja.jpg 1960w\" sizes=\"auto, (max-width: 475px) 100vw, 475px\" \/><figcaption class=\"wp-element-caption\"><strong>Papaja\/Pomara\u0144cza<\/strong><\/figcaption><\/figure>\n<\/div>\n\n\n\n<div class=\"wp-block-column is-layout-flow wp-block-column-is-layout-flow\" style=\"flex-basis:50%\">\n<figure class=\"wp-block-image size-large is-resized is-style-default\"><img loading=\"lazy\" decoding=\"async\" src=\"http:\/\/martineztapas.pl\/wp-content\/uploads\/2022\/03\/8350-Cactus-Aloe-Vera-1024x576.jpg\" alt=\"\" class=\"wp-image-745\" width=\"477\" height=\"268\" srcset=\"https:\/\/martineztapas.pl\/wp-content\/uploads\/2022\/03\/8350-Cactus-Aloe-Vera-1024x576.jpg 1024w, https:\/\/martineztapas.pl\/wp-content\/uploads\/2022\/03\/8350-Cactus-Aloe-Vera-300x169.jpg 300w, https:\/\/martineztapas.pl\/wp-content\/uploads\/2022\/03\/8350-Cactus-Aloe-Vera-768x432.jpg 768w, https:\/\/martineztapas.pl\/wp-content\/uploads\/2022\/03\/8350-Cactus-Aloe-Vera-1536x864.jpg 1536w, https:\/\/martineztapas.pl\/wp-content\/uploads\/2022\/03\/8350-Cactus-Aloe-Vera-600x337.jpg 600w, https:\/\/martineztapas.pl\/wp-content\/uploads\/2022\/03\/8350-Cactus-Aloe-Vera.jpg 1977w\" sizes=\"auto, (max-width: 477px) 100vw, 477px\" \/><figcaption class=\"wp-element-caption\"><strong>Kaktus\/Aloes<\/strong><\/figcaption><\/figure>\n<\/div>\n<\/div>\n\n\n\n<div class=\"wp-block-columns is-layout-flex wp-container-core-columns-is-layout-9d6595d7 wp-block-columns-is-layout-flex\">\n<div class=\"wp-block-column is-layout-flow wp-block-column-is-layout-flow\" style=\"flex-basis:50%\">\n<figure class=\"wp-block-image size-large is-resized is-style-default\"><img loading=\"lazy\" decoding=\"async\" src=\"http:\/\/martineztapas.pl\/wp-content\/uploads\/2022\/03\/8351-Higo-Aloe-Vera-1024x576.jpg\" alt=\"\" class=\"wp-image-746\" width=\"475\" height=\"267\" srcset=\"https:\/\/martineztapas.pl\/wp-content\/uploads\/2022\/03\/8351-Higo-Aloe-Vera-1024x576.jpg 1024w, https:\/\/martineztapas.pl\/wp-content\/uploads\/2022\/03\/8351-Higo-Aloe-Vera-300x169.jpg 300w, https:\/\/martineztapas.pl\/wp-content\/uploads\/2022\/03\/8351-Higo-Aloe-Vera-768x432.jpg 768w, https:\/\/martineztapas.pl\/wp-content\/uploads\/2022\/03\/8351-Higo-Aloe-Vera-1536x865.jpg 1536w, https:\/\/martineztapas.pl\/wp-content\/uploads\/2022\/03\/8351-Higo-Aloe-Vera-600x338.jpg 600w, https:\/\/martineztapas.pl\/wp-content\/uploads\/2022\/03\/8351-Higo-Aloe-Vera.jpg 1970w\" sizes=\"auto, (max-width: 475px) 100vw, 475px\" \/><figcaption class=\"wp-element-caption\"><strong>Figa\/Aloes<\/strong><\/figcaption><\/figure>\n<\/div>\n\n\n\n<div class=\"wp-block-column is-layout-flow wp-block-column-is-layout-flow\" style=\"flex-basis:50%\">\n<figure class=\"wp-block-image size-large is-resized is-style-default\"><img loading=\"lazy\" decoding=\"async\" src=\"http:\/\/martineztapas.pl\/wp-content\/uploads\/2022\/03\/8352-Platano-Aloe-Vera-1024x582.jpg\" alt=\"\" class=\"wp-image-747\" width=\"476\" height=\"271\" srcset=\"https:\/\/martineztapas.pl\/wp-content\/uploads\/2022\/03\/8352-Platano-Aloe-Vera-1024x582.jpg 1024w, https:\/\/martineztapas.pl\/wp-content\/uploads\/2022\/03\/8352-Platano-Aloe-Vera-300x170.jpg 300w, https:\/\/martineztapas.pl\/wp-content\/uploads\/2022\/03\/8352-Platano-Aloe-Vera-768x436.jpg 768w, https:\/\/martineztapas.pl\/wp-content\/uploads\/2022\/03\/8352-Platano-Aloe-Vera-1536x873.jpg 1536w, https:\/\/martineztapas.pl\/wp-content\/uploads\/2022\/03\/8352-Platano-Aloe-Vera-600x341.jpg 600w, https:\/\/martineztapas.pl\/wp-content\/uploads\/2022\/03\/8352-Platano-Aloe-Vera.jpg 1943w\" sizes=\"auto, (max-width: 476px) 100vw, 476px\" \/><figcaption class=\"wp-element-caption\"><strong>Banan\/Aloes<\/strong><\/figcaption><\/figure>\n<\/div>\n<\/div>\n\n\n\n<div class=\"wp-block-columns is-layout-flex wp-container-core-columns-is-layout-9d6595d7 wp-block-columns-is-layout-flex\">\n<div class=\"wp-block-column is-layout-flow wp-block-column-is-layout-flow\" style=\"flex-basis:50%\">\n<figure class=\"wp-block-image size-large is-resized is-style-default\"><img loading=\"lazy\" decoding=\"async\" src=\"http:\/\/martineztapas.pl\/wp-content\/uploads\/2022\/03\/8331-Pimientos-1024x576.jpg\" alt=\"\" class=\"wp-image-748\" width=\"475\" height=\"267\" srcset=\"https:\/\/martineztapas.pl\/wp-content\/uploads\/2022\/03\/8331-Pimientos-1024x576.jpg 1024w, https:\/\/martineztapas.pl\/wp-content\/uploads\/2022\/03\/8331-Pimientos-300x169.jpg 300w, https:\/\/martineztapas.pl\/wp-content\/uploads\/2022\/03\/8331-Pimientos-768x432.jpg 768w, https:\/\/martineztapas.pl\/wp-content\/uploads\/2022\/03\/8331-Pimientos-1536x864.jpg 1536w, https:\/\/martineztapas.pl\/wp-content\/uploads\/2022\/03\/8331-Pimientos-600x338.jpg 600w, https:\/\/martineztapas.pl\/wp-content\/uploads\/2022\/03\/8331-Pimientos.jpg 1959w\" sizes=\"auto, (max-width: 475px) 100vw, 475px\" \/><figcaption class=\"wp-element-caption\"><strong>Papryka<\/strong><\/figcaption><\/figure>\n<\/div>\n\n\n\n<div class=\"wp-block-column is-layout-flow wp-block-column-is-layout-flow\" style=\"flex-basis:50%\">\n<figure class=\"wp-block-image size-large is-resized is-style-default\"><img loading=\"lazy\" decoding=\"async\" src=\"http:\/\/martineztapas.pl\/wp-content\/uploads\/2022\/03\/8332-Tomate-Albahaca-1024x578.jpg\" alt=\"\" class=\"wp-image-749\" width=\"476\" height=\"269\" srcset=\"https:\/\/martineztapas.pl\/wp-content\/uploads\/2022\/03\/8332-Tomate-Albahaca-1024x578.jpg 1024w, https:\/\/martineztapas.pl\/wp-content\/uploads\/2022\/03\/8332-Tomate-Albahaca-300x169.jpg 300w, https:\/\/martineztapas.pl\/wp-content\/uploads\/2022\/03\/8332-Tomate-Albahaca-768x434.jpg 768w, https:\/\/martineztapas.pl\/wp-content\/uploads\/2022\/03\/8332-Tomate-Albahaca-1536x868.jpg 1536w, https:\/\/martineztapas.pl\/wp-content\/uploads\/2022\/03\/8332-Tomate-Albahaca-600x339.jpg 600w, https:\/\/martineztapas.pl\/wp-content\/uploads\/2022\/03\/8332-Tomate-Albahaca.jpg 1956w\" sizes=\"auto, (max-width: 476px) 100vw, 476px\" \/><figcaption class=\"wp-element-caption\"><strong>Pomidor\/Bazylia<\/strong><\/figcaption><\/figure>\n<\/div>\n<\/div>\n\n\n\n<div class=\"wp-block-columns is-layout-flex wp-container-core-columns-is-layout-9d6595d7 wp-block-columns-is-layout-flex\">\n<div class=\"wp-block-column is-layout-flow wp-block-column-is-layout-flow\">\n<figure class=\"wp-block-image size-full is-style-default\"><img loading=\"lazy\" decoding=\"async\" width=\"800\" height=\"800\" src=\"http:\/\/martineztapas.pl\/wp-content\/uploads\/2023\/02\/Carne-Membrillo.png\" alt=\"\" class=\"wp-image-1064\" srcset=\"https:\/\/martineztapas.pl\/wp-content\/uploads\/2023\/02\/Carne-Membrillo.png 800w, https:\/\/martineztapas.pl\/wp-content\/uploads\/2023\/02\/Carne-Membrillo-300x300.png 300w, https:\/\/martineztapas.pl\/wp-content\/uploads\/2023\/02\/Carne-Membrillo-150x150.png 150w, https:\/\/martineztapas.pl\/wp-content\/uploads\/2023\/02\/Carne-Membrillo-768x768.png 768w, https:\/\/martineztapas.pl\/wp-content\/uploads\/2023\/02\/Carne-Membrillo-600x600.png 600w, https:\/\/martineztapas.pl\/wp-content\/uploads\/2023\/02\/Carne-Membrillo-100x100.png 100w\" sizes=\"auto, (max-width: 800px) 100vw, 800px\" \/><figcaption class=\"wp-element-caption\"><strong>Carne de Membrillo Artesana &#8211; Marmolada z mi\u0105\u017cszu pigwy &#8211; 250g<\/strong><\/figcaption><\/figure>\n<\/div>\n\n\n\n<div class=\"wp-block-column is-layout-flow wp-block-column-is-layout-flow\">\n<p>Firma <strong>La Membrillera<\/strong> &#8211; to kwintesencja ponad 60 lat poznawania i specjalizacji rodziny Carvajal, producent\u00f3w marmolady z pigwy w mie\u015bcie Puente Genil (C\u00f3rdoba), kolebce membrillo na ca\u0142ym \u015bwiecie. Dzi\u015b jest to ju\u017c trzecie pokolenie rodziny, kt\u00f3re kontynuuje wytwarzanie najwy\u017cszej jako\u015bci produktu, charakteryzuj\u0105cego nasz\u0105 mark\u0119. <strong>Membrillo <\/strong>jest nieod\u0142\u0105cznym elementem degustacji ser\u00f3w, uzupe\u0142niaj\u0105c ich wyrazisto\u015b\u0107 odrobin\u0105 s\u0142odyczy&#8230;<\/p>\n<\/div>\n\n\n\n<div class=\"wp-block-column is-layout-flow wp-block-column-is-layout-flow\"><\/div>\n<\/div>\n","protected":false},"excerpt":{"rendered":"<p>Firma La Membrillera &#8211; to kwintesencja ponad 60 lat poznawania i specjalizacji rodziny Carvajal, producent\u00f3w marmolady z pigwy w mie\u015bcie [&hellip;]<\/p>\n","protected":false},"author":1,"featured_media":0,"parent":0,"menu_order":0,"comment_status":"closed","ping_status":"closed","template":"","meta":{"footnotes":""},"class_list":["post-153","page","type-page","status-publish","hentry"],"yoast_head":"<!-- This site is optimized with the Yoast SEO plugin v27.5 - https:\/\/yoast.com\/product\/yoast-seo-wordpress\/ -->\n<title>Konfitury\/Mermeladas - Martinez Tapas<\/title>\n<meta name=\"robots\" content=\"index, follow, max-snippet:-1, max-image-preview:large, max-video-preview:-1\" \/>\n<link rel=\"canonical\" href=\"https:\/\/martineztapas.pl\/?page_id=153\" \/>\n<meta property=\"og:locale\" content=\"pl_PL\" \/>\n<meta property=\"og:type\" content=\"article\" \/>\n<meta property=\"og:title\" content=\"Konfitury\/Mermeladas - Martinez Tapas\" \/>\n<meta property=\"og:description\" content=\"Firma La Membrillera &#8211; to kwintesencja ponad 60 lat poznawania i specjalizacji rodziny Carvajal, producent\u00f3w marmolady z pigwy w mie\u015bcie [&hellip;]\" \/>\n<meta property=\"og:url\" content=\"https:\/\/martineztapas.pl\/?page_id=153\" \/>\n<meta property=\"og:site_name\" content=\"Martinez Tapas\" \/>\n<meta property=\"article:modified_time\" content=\"2023-02-11T13:52:39+00:00\" \/>\n<meta property=\"og:image\" content=\"http:\/\/martineztapas.pl\/wp-content\/uploads\/2022\/01\/1.-jam_top_black-1024x730.jpg\" \/>\n<meta name=\"twitter:card\" content=\"summary_large_image\" \/>\n<meta name=\"twitter:label1\" content=\"Szacowany czas czytania\" \/>\n\t<meta name=\"twitter:data1\" content=\"4 minuty\" \/>\n<script type=\"application\/ld+json\" class=\"yoast-schema-graph\">{\"@context\":\"https:\\\/\\\/schema.org\",\"@graph\":[{\"@type\":\"WebPage\",\"@id\":\"https:\\\/\\\/martineztapas.pl\\\/?page_id=153\",\"url\":\"https:\\\/\\\/martineztapas.pl\\\/?page_id=153\",\"name\":\"Konfitury\\\/Mermeladas - Martinez Tapas\",\"isPartOf\":{\"@id\":\"http:\\\/\\\/martineztapas.pl\\\/#website\"},\"primaryImageOfPage\":{\"@id\":\"https:\\\/\\\/martineztapas.pl\\\/?page_id=153#primaryimage\"},\"image\":{\"@id\":\"https:\\\/\\\/martineztapas.pl\\\/?page_id=153#primaryimage\"},\"thumbnailUrl\":\"http:\\\/\\\/martineztapas.pl\\\/wp-content\\\/uploads\\\/2022\\\/01\\\/1.-jam_top_black-1024x730.jpg\",\"datePublished\":\"2021-12-09T19:32:11+00:00\",\"dateModified\":\"2023-02-11T13:52:39+00:00\",\"breadcrumb\":{\"@id\":\"https:\\\/\\\/martineztapas.pl\\\/?page_id=153#breadcrumb\"},\"inLanguage\":\"pl-PL\",\"potentialAction\":[{\"@type\":\"ReadAction\",\"target\":[\"https:\\\/\\\/martineztapas.pl\\\/?page_id=153\"]}]},{\"@type\":\"ImageObject\",\"inLanguage\":\"pl-PL\",\"@id\":\"https:\\\/\\\/martineztapas.pl\\\/?page_id=153#primaryimage\",\"url\":\"https:\\\/\\\/martineztapas.pl\\\/wp-content\\\/uploads\\\/2022\\\/01\\\/1.-jam_top_black.jpg\",\"contentUrl\":\"https:\\\/\\\/martineztapas.pl\\\/wp-content\\\/uploads\\\/2022\\\/01\\\/1.-jam_top_black.jpg\",\"width\":1900,\"height\":1354},{\"@type\":\"BreadcrumbList\",\"@id\":\"https:\\\/\\\/martineztapas.pl\\\/?page_id=153#breadcrumb\",\"itemListElement\":[{\"@type\":\"ListItem\",\"position\":1,\"name\":\"Strona g\u0142\u00f3wna\",\"item\":\"http:\\\/\\\/martineztapas.pl\\\/\"},{\"@type\":\"ListItem\",\"position\":2,\"name\":\"Konfitury\\\/Mermeladas\"}]},{\"@type\":\"WebSite\",\"@id\":\"http:\\\/\\\/martineztapas.pl\\\/#website\",\"url\":\"http:\\\/\\\/martineztapas.pl\\\/\",\"name\":\"Martinez Tapas\",\"description\":\"Import i dystrybucja wysokiej jako\u015bci produkt\u00f3w hiszpa\u0144skich\",\"potentialAction\":[{\"@type\":\"SearchAction\",\"target\":{\"@type\":\"EntryPoint\",\"urlTemplate\":\"http:\\\/\\\/martineztapas.pl\\\/?s={search_term_string}\"},\"query-input\":{\"@type\":\"PropertyValueSpecification\",\"valueRequired\":true,\"valueName\":\"search_term_string\"}}],\"inLanguage\":\"pl-PL\"}]}<\/script>\n<!-- \/ Yoast SEO plugin. -->","yoast_head_json":{"title":"Konfitury\/Mermeladas - Martinez Tapas","robots":{"index":"index","follow":"follow","max-snippet":"max-snippet:-1","max-image-preview":"max-image-preview:large","max-video-preview":"max-video-preview:-1"},"canonical":"https:\/\/martineztapas.pl\/?page_id=153","og_locale":"pl_PL","og_type":"article","og_title":"Konfitury\/Mermeladas - Martinez Tapas","og_description":"Firma La Membrillera &#8211; to kwintesencja ponad 60 lat poznawania i specjalizacji rodziny Carvajal, producent\u00f3w marmolady z pigwy w mie\u015bcie [&hellip;]","og_url":"https:\/\/martineztapas.pl\/?page_id=153","og_site_name":"Martinez Tapas","article_modified_time":"2023-02-11T13:52:39+00:00","og_image":[{"url":"http:\/\/martineztapas.pl\/wp-content\/uploads\/2022\/01\/1.-jam_top_black-1024x730.jpg","type":"","width":"","height":""}],"twitter_card":"summary_large_image","twitter_misc":{"Szacowany czas czytania":"4 minuty"},"schema":{"@context":"https:\/\/schema.org","@graph":[{"@type":"WebPage","@id":"https:\/\/martineztapas.pl\/?page_id=153","url":"https:\/\/martineztapas.pl\/?page_id=153","name":"Konfitury\/Mermeladas - Martinez Tapas","isPartOf":{"@id":"http:\/\/martineztapas.pl\/#website"},"primaryImageOfPage":{"@id":"https:\/\/martineztapas.pl\/?page_id=153#primaryimage"},"image":{"@id":"https:\/\/martineztapas.pl\/?page_id=153#primaryimage"},"thumbnailUrl":"http:\/\/martineztapas.pl\/wp-content\/uploads\/2022\/01\/1.-jam_top_black-1024x730.jpg","datePublished":"2021-12-09T19:32:11+00:00","dateModified":"2023-02-11T13:52:39+00:00","breadcrumb":{"@id":"https:\/\/martineztapas.pl\/?page_id=153#breadcrumb"},"inLanguage":"pl-PL","potentialAction":[{"@type":"ReadAction","target":["https:\/\/martineztapas.pl\/?page_id=153"]}]},{"@type":"ImageObject","inLanguage":"pl-PL","@id":"https:\/\/martineztapas.pl\/?page_id=153#primaryimage","url":"https:\/\/martineztapas.pl\/wp-content\/uploads\/2022\/01\/1.-jam_top_black.jpg","contentUrl":"https:\/\/martineztapas.pl\/wp-content\/uploads\/2022\/01\/1.-jam_top_black.jpg","width":1900,"height":1354},{"@type":"BreadcrumbList","@id":"https:\/\/martineztapas.pl\/?page_id=153#breadcrumb","itemListElement":[{"@type":"ListItem","position":1,"name":"Strona g\u0142\u00f3wna","item":"http:\/\/martineztapas.pl\/"},{"@type":"ListItem","position":2,"name":"Konfitury\/Mermeladas"}]},{"@type":"WebSite","@id":"http:\/\/martineztapas.pl\/#website","url":"http:\/\/martineztapas.pl\/","name":"Martinez Tapas","description":"Import i dystrybucja wysokiej jako\u015bci produkt\u00f3w hiszpa\u0144skich","potentialAction":[{"@type":"SearchAction","target":{"@type":"EntryPoint","urlTemplate":"http:\/\/martineztapas.pl\/?s={search_term_string}"},"query-input":{"@type":"PropertyValueSpecification","valueRequired":true,"valueName":"search_term_string"}}],"inLanguage":"pl-PL"}]}},"_links":{"self":[{"href":"https:\/\/martineztapas.pl\/index.php?rest_route=\/wp\/v2\/pages\/153","targetHints":{"allow":["GET"]}}],"collection":[{"href":"https:\/\/martineztapas.pl\/index.php?rest_route=\/wp\/v2\/pages"}],"about":[{"href":"https:\/\/martineztapas.pl\/index.php?rest_route=\/wp\/v2\/types\/page"}],"author":[{"embeddable":true,"href":"https:\/\/martineztapas.pl\/index.php?rest_route=\/wp\/v2\/users\/1"}],"replies":[{"embeddable":true,"href":"https:\/\/martineztapas.pl\/index.php?rest_route=%2Fwp%2Fv2%2Fcomments&post=153"}],"version-history":[{"count":10,"href":"https:\/\/martineztapas.pl\/index.php?rest_route=\/wp\/v2\/pages\/153\/revisions"}],"predecessor-version":[{"id":1070,"href":"https:\/\/martineztapas.pl\/index.php?rest_route=\/wp\/v2\/pages\/153\/revisions\/1070"}],"wp:attachment":[{"href":"https:\/\/martineztapas.pl\/index.php?rest_route=%2Fwp%2Fv2%2Fmedia&parent=153"}],"curies":[{"name":"wp","href":"https:\/\/api.w.org\/{rel}","templated":true}]}}