{"id":59,"date":"2021-12-01T01:15:55","date_gmt":"2021-12-01T00:15:55","guid":{"rendered":"http:\/\/martineztapas.pl\/?page_id=59"},"modified":"2022-01-11T07:35:02","modified_gmt":"2022-01-11T06:35:02","slug":"szynki","status":"publish","type":"page","link":"https:\/\/martineztapas.pl\/?page_id=59","title":{"rendered":"Szynki\/Jam\u00f3n"},"content":{"rendered":"\n<figure class=\"wp-block-image size-full is-resized is-style-default\"><img loading=\"lazy\" decoding=\"async\" src=\"http:\/\/martineztapas.pl\/wp-content\/uploads\/2021\/12\/somalo.bmp\" alt=\"\" class=\"wp-image-272\" width=\"1137\" height=\"250\" srcset=\"https:\/\/martineztapas.pl\/wp-content\/uploads\/2021\/12\/somalo.bmp 623w, https:\/\/martineztapas.pl\/wp-content\/uploads\/2021\/12\/somalo-300x66.jpg 300w, https:\/\/martineztapas.pl\/wp-content\/uploads\/2021\/12\/somalo-600x132.jpg 600w\" sizes=\"auto, (max-width: 1137px) 100vw, 1137px\" \/><\/figure>\n\n\n\n<h2 class=\"wp-block-heading\"><\/h2>\n\n\n\n<div class=\"wp-block-columns is-layout-flex wp-container-core-columns-is-layout-9d6595d7 wp-block-columns-is-layout-flex\">\n<div class=\"wp-block-column is-layout-flow wp-block-column-is-layout-flow\" style=\"flex-basis:50%\">\n<div class=\"wp-block-image is-style-default\"><figure class=\"alignleft size-full\"><img loading=\"lazy\" decoding=\"async\" width=\"525\" height=\"808\" src=\"http:\/\/martineztapas.pl\/wp-content\/uploads\/2021\/12\/Jamon-Serrano-Gran-Reserva-50-Duroc-z-koscia.png\" alt=\"\" class=\"wp-image-275\" srcset=\"https:\/\/martineztapas.pl\/wp-content\/uploads\/2021\/12\/Jamon-Serrano-Gran-Reserva-50-Duroc-z-koscia.png 525w, https:\/\/martineztapas.pl\/wp-content\/uploads\/2021\/12\/Jamon-Serrano-Gran-Reserva-50-Duroc-z-koscia-195x300.png 195w\" sizes=\"auto, (max-width: 525px) 100vw, 525px\" \/><figcaption>Jam\u00f3n Serrano 24 miesi\u0105ce Gran Reserva 50% Duroc &#8211; z ko\u015bci\u0105<\/figcaption><\/figure><\/div>\n<\/div>\n\n\n\n<div class=\"wp-block-column is-layout-flow wp-block-column-is-layout-flow\" style=\"flex-basis:50%\">\n<figure class=\"wp-block-image size-full is-resized is-style-default\"><img loading=\"lazy\" decoding=\"async\" src=\"http:\/\/martineztapas.pl\/wp-content\/uploads\/2021\/12\/Jamon-Serrano-Gran-Reserva-50-Duroc-bez-kosci.png\" alt=\"\" class=\"wp-image-277\" width=\"590\" height=\"822\" srcset=\"https:\/\/martineztapas.pl\/wp-content\/uploads\/2021\/12\/Jamon-Serrano-Gran-Reserva-50-Duroc-bez-kosci.png 525w, https:\/\/martineztapas.pl\/wp-content\/uploads\/2021\/12\/Jamon-Serrano-Gran-Reserva-50-Duroc-bez-kosci-215x300.png 215w\" sizes=\"auto, (max-width: 590px) 100vw, 590px\" \/><figcaption>Jam\u00f3n Serrano 24 miesi\u0105ce Gran Reserva 50% Duroc &#8211; bez ko\u015bci<\/figcaption><\/figure>\n<\/div>\n<\/div>\n\n\n\n<div class=\"wp-block-columns is-layout-flex wp-container-core-columns-is-layout-9d6595d7 wp-block-columns-is-layout-flex\">\n<div class=\"wp-block-column is-layout-flow wp-block-column-is-layout-flow\" style=\"flex-basis:50%\">\n<div class=\"wp-block-image is-style-default\"><figure class=\"alignleft size-full\"><img loading=\"lazy\" decoding=\"async\" width=\"525\" height=\"407\" src=\"http:\/\/martineztapas.pl\/wp-content\/uploads\/2021\/12\/Jamon-Serrano-Reserva-blok.png\" alt=\"\" class=\"wp-image-279\" srcset=\"https:\/\/martineztapas.pl\/wp-content\/uploads\/2021\/12\/Jamon-Serrano-Reserva-blok.png 525w, https:\/\/martineztapas.pl\/wp-content\/uploads\/2021\/12\/Jamon-Serrano-Reserva-blok-300x233.png 300w\" sizes=\"auto, (max-width: 525px) 100vw, 525px\" \/><figcaption>Jam\u00f3n Serrano Reserva &#8211; blok<\/figcaption><\/figure><\/div>\n<\/div>\n\n\n\n<div class=\"wp-block-column is-layout-flow wp-block-column-is-layout-flow\" style=\"flex-basis:50%\">\n<div class=\"wp-block-image is-style-default\"><figure class=\"alignleft size-full\"><img loading=\"lazy\" decoding=\"async\" width=\"525\" height=\"691\" src=\"http:\/\/martineztapas.pl\/wp-content\/uploads\/2021\/12\/LA-GLORIA-RIOJANA-Jamon-Serrano-Rojo-50-Duroc-z-papryka.png\" alt=\"\" class=\"wp-image-282\" srcset=\"https:\/\/martineztapas.pl\/wp-content\/uploads\/2021\/12\/LA-GLORIA-RIOJANA-Jamon-Serrano-Rojo-50-Duroc-z-papryka.png 525w, https:\/\/martineztapas.pl\/wp-content\/uploads\/2021\/12\/LA-GLORIA-RIOJANA-Jamon-Serrano-Rojo-50-Duroc-z-papryka-228x300.png 228w\" sizes=\"auto, (max-width: 525px) 100vw, 525px\" \/><figcaption>LA GLORIA RIOJANA Jam\u00f3n Serrano Rojo 50% Duroc &#8211; z papryk\u0105<\/figcaption><\/figure><\/div>\n<\/div>\n<\/div>\n\n\n\n<div class=\"wp-block-columns is-layout-flex wp-container-core-columns-is-layout-9d6595d7 wp-block-columns-is-layout-flex\">\n<div class=\"wp-block-column is-layout-flow wp-block-column-is-layout-flow\" style=\"flex-basis:50%\">\n<div class=\"wp-block-image is-style-default\"><figure class=\"alignleft size-large is-resized\"><img decoding=\"async\" src=\"http:\/\/martineztapas.pl\/wp-content\/uploads\/2021\/12\/Serrano-zestaw-1kg-1024x806.jpg\" alt=\"\" class=\"wp-image-285\" width=\"-556\" height=\"-437\" srcset=\"https:\/\/martineztapas.pl\/wp-content\/uploads\/2021\/12\/Serrano-zestaw-1kg-1024x806.jpg 1024w, https:\/\/martineztapas.pl\/wp-content\/uploads\/2021\/12\/Serrano-zestaw-1kg-300x236.jpg 300w, https:\/\/martineztapas.pl\/wp-content\/uploads\/2021\/12\/Serrano-zestaw-1kg-768x604.jpg 768w, https:\/\/martineztapas.pl\/wp-content\/uploads\/2021\/12\/Serrano-zestaw-1kg-1536x1209.jpg 1536w, https:\/\/martineztapas.pl\/wp-content\/uploads\/2021\/12\/Serrano-zestaw-1kg-2048x1612.jpg 2048w, https:\/\/martineztapas.pl\/wp-content\/uploads\/2021\/12\/Serrano-zestaw-1kg-600x472.jpg 600w\" sizes=\"(max-width: 1024px) 100vw, 1024px\" \/><figcaption>Mini Serrano z papryk\u0105 &#8211; zestaw n\u00f3\u017c + deska do krojenia &#8211; 1kg<\/figcaption><\/figure><\/div>\n<\/div>\n\n\n\n<div class=\"wp-block-column is-layout-flow wp-block-column-is-layout-flow\" style=\"flex-basis:50%\">\n<div class=\"wp-block-image is-style-default\"><figure class=\"alignleft size-large is-resized\"><img loading=\"lazy\" decoding=\"async\" src=\"http:\/\/martineztapas.pl\/wp-content\/uploads\/2021\/12\/Jamon-Serrano-zestaw-noz-stojak-8kg-1024x591.jpg\" alt=\"\" class=\"wp-image-288\" width=\"874\" height=\"505\" srcset=\"https:\/\/martineztapas.pl\/wp-content\/uploads\/2021\/12\/Jamon-Serrano-zestaw-noz-stojak-8kg-1024x591.jpg 1024w, https:\/\/martineztapas.pl\/wp-content\/uploads\/2021\/12\/Jamon-Serrano-zestaw-noz-stojak-8kg-300x173.jpg 300w, https:\/\/martineztapas.pl\/wp-content\/uploads\/2021\/12\/Jamon-Serrano-zestaw-noz-stojak-8kg-768x443.jpg 768w, https:\/\/martineztapas.pl\/wp-content\/uploads\/2021\/12\/Jamon-Serrano-zestaw-noz-stojak-8kg-1536x886.jpg 1536w, https:\/\/martineztapas.pl\/wp-content\/uploads\/2021\/12\/Jamon-Serrano-zestaw-noz-stojak-8kg-2048x1181.jpg 2048w, https:\/\/martineztapas.pl\/wp-content\/uploads\/2021\/12\/Jamon-Serrano-zestaw-noz-stojak-8kg-600x346.jpg 600w\" sizes=\"auto, (max-width: 874px) 100vw, 874px\" \/><figcaption>Jam\u00f3n Serrano z ko\u015bci\u0105 &#8211; zestaw n\u00f3\u017c, stojak &#8211; 8kg<\/figcaption><\/figure><\/div>\n<\/div>\n<\/div>\n\n\n\n<div class=\"wp-block-image is-style-default\"><figure class=\"alignleft size-large is-resized\"><img loading=\"lazy\" decoding=\"async\" src=\"http:\/\/martineztapas.pl\/wp-content\/uploads\/2022\/01\/511-CENTRO-DE-JAMON-IBERICO-DE-CEBO-50-RAZA-IBERICA-1024x1024.jpg\" alt=\"\" class=\"wp-image-607\" width=\"417\" height=\"417\" srcset=\"https:\/\/martineztapas.pl\/wp-content\/uploads\/2022\/01\/511-CENTRO-DE-JAMON-IBERICO-DE-CEBO-50-RAZA-IBERICA.jpg 1024w, https:\/\/martineztapas.pl\/wp-content\/uploads\/2022\/01\/511-CENTRO-DE-JAMON-IBERICO-DE-CEBO-50-RAZA-IBERICA-300x300.jpg 300w, https:\/\/martineztapas.pl\/wp-content\/uploads\/2022\/01\/511-CENTRO-DE-JAMON-IBERICO-DE-CEBO-50-RAZA-IBERICA-150x150.jpg 150w, https:\/\/martineztapas.pl\/wp-content\/uploads\/2022\/01\/511-CENTRO-DE-JAMON-IBERICO-DE-CEBO-50-RAZA-IBERICA-768x768.jpg 768w, https:\/\/martineztapas.pl\/wp-content\/uploads\/2022\/01\/511-CENTRO-DE-JAMON-IBERICO-DE-CEBO-50-RAZA-IBERICA-600x600.jpg 600w, https:\/\/martineztapas.pl\/wp-content\/uploads\/2022\/01\/511-CENTRO-DE-JAMON-IBERICO-DE-CEBO-50-RAZA-IBERICA-100x100.jpg 100w\" sizes=\"auto, (max-width: 417px) 100vw, 417px\" \/><figcaption><strong> Jam\u00f3n Iberico Cebo 50% &#8211; bez ko\u015bci <\/strong><\/figcaption><\/figure><\/div>\n\n\n\n<p><\/p>\n","protected":false},"excerpt":{"rendered":"","protected":false},"author":1,"featured_media":0,"parent":0,"menu_order":0,"comment_status":"closed","ping_status":"closed","template":"","meta":{"footnotes":""},"class_list":["post-59","page","type-page","status-publish","hentry"],"yoast_head":"<!-- This site is optimized with the Yoast SEO plugin v27.5 - https:\/\/yoast.com\/product\/yoast-seo-wordpress\/ -->\n<title>Szynki\/Jam\u00f3n - Martinez Tapas<\/title>\n<meta name=\"robots\" content=\"index, follow, max-snippet:-1, max-image-preview:large, max-video-preview:-1\" \/>\n<link rel=\"canonical\" href=\"https:\/\/martineztapas.pl\/?page_id=59\" \/>\n<meta property=\"og:locale\" content=\"pl_PL\" \/>\n<meta property=\"og:type\" content=\"article\" \/>\n<meta property=\"og:title\" content=\"Szynki\/Jam\u00f3n - Martinez Tapas\" \/>\n<meta property=\"og:url\" content=\"https:\/\/martineztapas.pl\/?page_id=59\" \/>\n<meta property=\"og:site_name\" content=\"Martinez Tapas\" \/>\n<meta property=\"article:modified_time\" content=\"2022-01-11T06:35:02+00:00\" \/>\n<meta property=\"og:image\" content=\"http:\/\/martineztapas.pl\/wp-content\/uploads\/2021\/12\/somalo.bmp\" \/>\n<meta name=\"twitter:card\" content=\"summary_large_image\" \/>\n<meta name=\"twitter:label1\" content=\"Szacowany czas czytania\" \/>\n\t<meta name=\"twitter:data1\" content=\"2 minuty\" \/>\n<script type=\"application\/ld+json\" class=\"yoast-schema-graph\">{\"@context\":\"https:\\\/\\\/schema.org\",\"@graph\":[{\"@type\":\"WebPage\",\"@id\":\"https:\\\/\\\/martineztapas.pl\\\/?page_id=59\",\"url\":\"https:\\\/\\\/martineztapas.pl\\\/?page_id=59\",\"name\":\"Szynki\\\/Jam\u00f3n - Martinez Tapas\",\"isPartOf\":{\"@id\":\"http:\\\/\\\/martineztapas.pl\\\/#website\"},\"primaryImageOfPage\":{\"@id\":\"https:\\\/\\\/martineztapas.pl\\\/?page_id=59#primaryimage\"},\"image\":{\"@id\":\"https:\\\/\\\/martineztapas.pl\\\/?page_id=59#primaryimage\"},\"thumbnailUrl\":\"http:\\\/\\\/martineztapas.pl\\\/wp-content\\\/uploads\\\/2021\\\/12\\\/somalo.bmp\",\"datePublished\":\"2021-12-01T00:15:55+00:00\",\"dateModified\":\"2022-01-11T06:35:02+00:00\",\"breadcrumb\":{\"@id\":\"https:\\\/\\\/martineztapas.pl\\\/?page_id=59#breadcrumb\"},\"inLanguage\":\"pl-PL\",\"potentialAction\":[{\"@type\":\"ReadAction\",\"target\":[\"https:\\\/\\\/martineztapas.pl\\\/?page_id=59\"]}]},{\"@type\":\"ImageObject\",\"inLanguage\":\"pl-PL\",\"@id\":\"https:\\\/\\\/martineztapas.pl\\\/?page_id=59#primaryimage\",\"url\":\"https:\\\/\\\/martineztapas.pl\\\/wp-content\\\/uploads\\\/2021\\\/12\\\/somalo.bmp\",\"contentUrl\":\"https:\\\/\\\/martineztapas.pl\\\/wp-content\\\/uploads\\\/2021\\\/12\\\/somalo.bmp\",\"width\":623,\"height\":137},{\"@type\":\"BreadcrumbList\",\"@id\":\"https:\\\/\\\/martineztapas.pl\\\/?page_id=59#breadcrumb\",\"itemListElement\":[{\"@type\":\"ListItem\",\"position\":1,\"name\":\"Strona g\u0142\u00f3wna\",\"item\":\"http:\\\/\\\/martineztapas.pl\\\/\"},{\"@type\":\"ListItem\",\"position\":2,\"name\":\"Szynki\\\/Jam\u00f3n\"}]},{\"@type\":\"WebSite\",\"@id\":\"http:\\\/\\\/martineztapas.pl\\\/#website\",\"url\":\"http:\\\/\\\/martineztapas.pl\\\/\",\"name\":\"Martinez Tapas\",\"description\":\"Import i dystrybucja wysokiej jako\u015bci produkt\u00f3w hiszpa\u0144skich\",\"potentialAction\":[{\"@type\":\"SearchAction\",\"target\":{\"@type\":\"EntryPoint\",\"urlTemplate\":\"http:\\\/\\\/martineztapas.pl\\\/?s={search_term_string}\"},\"query-input\":{\"@type\":\"PropertyValueSpecification\",\"valueRequired\":true,\"valueName\":\"search_term_string\"}}],\"inLanguage\":\"pl-PL\"}]}<\/script>\n<!-- \/ Yoast SEO plugin. -->","yoast_head_json":{"title":"Szynki\/Jam\u00f3n - Martinez Tapas","robots":{"index":"index","follow":"follow","max-snippet":"max-snippet:-1","max-image-preview":"max-image-preview:large","max-video-preview":"max-video-preview:-1"},"canonical":"https:\/\/martineztapas.pl\/?page_id=59","og_locale":"pl_PL","og_type":"article","og_title":"Szynki\/Jam\u00f3n - Martinez Tapas","og_url":"https:\/\/martineztapas.pl\/?page_id=59","og_site_name":"Martinez Tapas","article_modified_time":"2022-01-11T06:35:02+00:00","og_image":[{"url":"http:\/\/martineztapas.pl\/wp-content\/uploads\/2021\/12\/somalo.bmp","type":"","width":"","height":""}],"twitter_card":"summary_large_image","twitter_misc":{"Szacowany czas czytania":"2 minuty"},"schema":{"@context":"https:\/\/schema.org","@graph":[{"@type":"WebPage","@id":"https:\/\/martineztapas.pl\/?page_id=59","url":"https:\/\/martineztapas.pl\/?page_id=59","name":"Szynki\/Jam\u00f3n - Martinez Tapas","isPartOf":{"@id":"http:\/\/martineztapas.pl\/#website"},"primaryImageOfPage":{"@id":"https:\/\/martineztapas.pl\/?page_id=59#primaryimage"},"image":{"@id":"https:\/\/martineztapas.pl\/?page_id=59#primaryimage"},"thumbnailUrl":"http:\/\/martineztapas.pl\/wp-content\/uploads\/2021\/12\/somalo.bmp","datePublished":"2021-12-01T00:15:55+00:00","dateModified":"2022-01-11T06:35:02+00:00","breadcrumb":{"@id":"https:\/\/martineztapas.pl\/?page_id=59#breadcrumb"},"inLanguage":"pl-PL","potentialAction":[{"@type":"ReadAction","target":["https:\/\/martineztapas.pl\/?page_id=59"]}]},{"@type":"ImageObject","inLanguage":"pl-PL","@id":"https:\/\/martineztapas.pl\/?page_id=59#primaryimage","url":"https:\/\/martineztapas.pl\/wp-content\/uploads\/2021\/12\/somalo.bmp","contentUrl":"https:\/\/martineztapas.pl\/wp-content\/uploads\/2021\/12\/somalo.bmp","width":623,"height":137},{"@type":"BreadcrumbList","@id":"https:\/\/martineztapas.pl\/?page_id=59#breadcrumb","itemListElement":[{"@type":"ListItem","position":1,"name":"Strona g\u0142\u00f3wna","item":"http:\/\/martineztapas.pl\/"},{"@type":"ListItem","position":2,"name":"Szynki\/Jam\u00f3n"}]},{"@type":"WebSite","@id":"http:\/\/martineztapas.pl\/#website","url":"http:\/\/martineztapas.pl\/","name":"Martinez Tapas","description":"Import i dystrybucja wysokiej jako\u015bci produkt\u00f3w hiszpa\u0144skich","potentialAction":[{"@type":"SearchAction","target":{"@type":"EntryPoint","urlTemplate":"http:\/\/martineztapas.pl\/?s={search_term_string}"},"query-input":{"@type":"PropertyValueSpecification","valueRequired":true,"valueName":"search_term_string"}}],"inLanguage":"pl-PL"}]}},"_links":{"self":[{"href":"https:\/\/martineztapas.pl\/index.php?rest_route=\/wp\/v2\/pages\/59","targetHints":{"allow":["GET"]}}],"collection":[{"href":"https:\/\/martineztapas.pl\/index.php?rest_route=\/wp\/v2\/pages"}],"about":[{"href":"https:\/\/martineztapas.pl\/index.php?rest_route=\/wp\/v2\/types\/page"}],"author":[{"embeddable":true,"href":"https:\/\/martineztapas.pl\/index.php?rest_route=\/wp\/v2\/users\/1"}],"replies":[{"embeddable":true,"href":"https:\/\/martineztapas.pl\/index.php?rest_route=%2Fwp%2Fv2%2Fcomments&post=59"}],"version-history":[{"count":24,"href":"https:\/\/martineztapas.pl\/index.php?rest_route=\/wp\/v2\/pages\/59\/revisions"}],"predecessor-version":[{"id":610,"href":"https:\/\/martineztapas.pl\/index.php?rest_route=\/wp\/v2\/pages\/59\/revisions\/610"}],"wp:attachment":[{"href":"https:\/\/martineztapas.pl\/index.php?rest_route=%2Fwp%2Fv2%2Fmedia&parent=59"}],"curies":[{"name":"wp","href":"https:\/\/api.w.org\/{rel}","templated":true}]}}